{"id":51,"date":"2020-09-01T10:44:00","date_gmt":"2020-09-01T10:44:00","guid":{"rendered":"https:\/\/investment-welt.com\/?page_id=51"},"modified":"2023-09-26T09:32:20","modified_gmt":"2023-09-26T09:32:20","slug":"home","status":"publish","type":"page","link":"https:\/\/investment-welt.com\/","title":{"rendered":"Heim"},"content":{"rendered":"\n<div class=\"wp-block-uagb-container uagb-block-56cae86e alignfull uagb-is-root-container\"><div class=\"uagb-container-inner-blocks-wrap\">\n<div class=\"wp-block-uagb-container uagb-block-87fc92bc\">\n<div class=\"wp-block-uagb-advanced-heading uagb-block-84aabd85\"><h1 class=\"uagb-heading-text\"><strong><em>Treten Sie ein in die Welt des Investierens<\/em><\/strong><\/h1><p class=\"uagb-desc-text\">Lernen Sie zu investieren und k\u00fcmmern Sie sich um Ihre finanzielle Unabh\u00e4ngigkeit. Verschwenden Sie keine Zeit und beginnen Sie noch heute!<\/p><\/div>\n\n\n\n<div class=\"wp-block-uagb-buttons uagb-buttons__outer-wrap uagb-btn__default-btn uagb-btn-tablet__default-btn uagb-btn-mobile__default-btn uagb-block-706aa476\"><div class=\"uagb-buttons__wrap uagb-buttons-layout-wrap\">\n<div class=\"wp-block-uagb-buttons-child uagb-buttons__outer-wrap uagb-block-70bb9a83 wp-block-button\"><div class=\"uagb-button__wrapper\"><a class=\"uagb-buttons-repeater wp-block-button__link\" href=\"#\" onclick=\"return false;\" rel=\"follow noopener\" target=\"_self\"><div class=\"uagb-button__link\"><\/div><\/a><\/div><\/div>\n<\/div><\/div>\n<\/div>\n<\/div><\/div>\n\n\n\n<div class=\"wp-block-uagb-container uagb-block-8bbab64f alignfull uagb-is-root-container\"><div class=\"uagb-container-inner-blocks-wrap\">\n<div class=\"wp-block-uagb-container uagb-block-65ece89e\">\n<div class=\"wp-block-uagb-info-box uagb-block-c287a1d8 uagb-infobox__content-wrap  uagb-infobox-icon-above-title uagb-infobox-image-valign-top\"><div class=\"uagb-ifb-content\"><div class=\"uagb-ifb-image-content\"><img decoding=\"async\" src=\"https:\/\/investment-welt.com\/wp-content\/uploads\/2023\/08\/Depositphotos_35114295_l-2015_A-150x150.jpg\" alt=\"\" width=\"120\" height=\"120\" loading=\"lazy\"\/><\/div><div class=\"uagb-ifb-title-wrap\"><h3 class=\"uagb-ifb-title\"><strong>Wissen und Erfahrung sind der Schl\u00fcssel zum erfolgreichen Investieren.<\/strong><\/h3><\/div><p class=\"uagb-ifb-desc\">Lernen Sie bei uns, wie Sie investieren k\u00f6nnen, und tauchen Sie bewusst in die Welt des Investierens ein, die Ihnen dabei hilft, Ihre Unabh\u00e4ngigkeit in der Zukunft zu wahren.<\/p><\/div><\/div>\n<\/div>\n\n\n\n<div class=\"wp-block-uagb-container uagb-block-d0c547cf\">\n<div class=\"wp-block-uagb-info-box uagb-block-b46b8457 uagb-infobox__content-wrap  uagb-infobox-icon-above-title uagb-infobox-image-valign-top\"><div class=\"uagb-ifb-content\"><div class=\"uagb-ifb-image-content\"><img decoding=\"async\" src=\"https:\/\/investment-welt.com\/wp-content\/uploads\/2023\/08\/zdjecie-150x150.jpg\" alt=\"\" width=\"20\" height=\"20\" loading=\"lazy\"\/><\/div><div class=\"uagb-ifb-title-wrap\"><h3 class=\"uagb-ifb-title\">Forex<\/h3><\/div><p class=\"uagb-ifb-desc\">Lernen Sie, auf dem Devisenmarkt zu investieren und verstehen Sie die wichtigsten Regeln, die diesen Markt regeln.<\/p><\/div><\/div>\n\n\n\n<div class=\"wp-block-uagb-info-box uagb-block-46450677 uagb-infobox__content-wrap  uagb-infobox-icon-above-title uagb-infobox-image-valign-top\"><div class=\"uagb-ifb-content\"><div class=\"uagb-ifb-image-content\"><img decoding=\"async\" src=\"https:\/\/investment-welt.com\/wp-content\/uploads\/2023\/08\/Depositphotos_74090231_l-2015_A-150x150.jpg\" alt=\"\" width=\"20\" height=\"20\" loading=\"lazy\"\/><\/div><div class=\"uagb-ifb-title-wrap\"><h3 class=\"uagb-ifb-title\">Aktienmarkt<\/h3><\/div><p class=\"uagb-ifb-desc\">Betreten Sie die Welt der Aktien und Anleihen, in der langfristige Investitionen m\u00f6glich sind.<\/p><\/div><\/div>\n\n\n\n<div class=\"wp-block-uagb-info-box uagb-block-89ec3470 uagb-infobox__content-wrap  uagb-infobox-icon-above-title uagb-infobox-image-valign-top\"><div class=\"uagb-ifb-content\"><div class=\"uagb-ifb-image-content\"><img decoding=\"async\" src=\"https:\/\/investment-welt.com\/wp-content\/uploads\/2023\/08\/19-150x150.jpg\" alt=\"\" width=\"20\" height=\"20\" loading=\"lazy\"\/><\/div><div class=\"uagb-ifb-title-wrap\"><h3 class=\"uagb-ifb-title\">Rohes Material<\/h3><\/div><p class=\"uagb-ifb-desc\">Verstehen Sie die wichtigsten Regeln, die jeder Spezialist befolgt, der in Rohstoffe investiert.<\/p><\/div><\/div>\n<\/div>\n\n\n\n<div class=\"wp-block-uagb-container uagb-block-d35da222\">\n<div class=\"wp-block-uagb-info-box uagb-block-a3239579 uagb-infobox__content-wrap  uagb-infobox-icon-above-title uagb-infobox-image-valign-top\"><div class=\"uagb-ifb-content\"><div class=\"uagb-ifb-image-content\"><img decoding=\"async\" src=\"https:\/\/investment-welt.com\/wp-content\/uploads\/2023\/08\/amc-g8c714501a_1280-150x150.jpg\" alt=\"\" width=\"20\" height=\"20\" loading=\"lazy\"\/><\/div><div class=\"uagb-ifb-title-wrap\"><h3 class=\"uagb-ifb-title\">Mittel<\/h3><\/div><p class=\"uagb-ifb-desc\">Finden Sie heraus, in welche Fonds es sich lohnt zu investieren, damit sie die erwarteten Gewinne bringen.<\/p><\/div><\/div>\n\n\n\n<div class=\"wp-block-uagb-info-box uagb-block-108c4054 uagb-infobox__content-wrap  uagb-infobox-icon-above-title uagb-infobox-image-valign-top\"><div class=\"uagb-ifb-content\"><div class=\"uagb-ifb-image-content\"><img decoding=\"async\" src=\"https:\/\/investment-welt.com\/wp-content\/uploads\/2023\/08\/Crypto_ATM_2-150x150.jpg\" alt=\"\" width=\"20\" height=\"20\" loading=\"lazy\"\/><\/div><div class=\"uagb-ifb-title-wrap\"><h3 class=\"uagb-ifb-title\">Kryptow\u00e4hrungen<\/h3><\/div><p class=\"uagb-ifb-desc\">Lernen Sie die Kryptow\u00e4hrungen der Zukunft kennen, die sich als gute Investition erweisen k\u00f6nnen.<\/p><\/div><\/div>\n\n\n\n<div class=\"wp-block-uagb-info-box uagb-block-b98439bf uagb-infobox__content-wrap  uagb-infobox-icon-above-title uagb-infobox-image-valign-top\"><div class=\"uagb-ifb-content\"><div class=\"uagb-ifb-image-content\"><img decoding=\"async\" src=\"https:\/\/investment-welt.com\/wp-content\/uploads\/2023\/08\/Depositphotos_168572414_l-2015_A-150x150.jpg\" alt=\"\" width=\"20\" height=\"20\" loading=\"lazy\"\/><\/div><div class=\"uagb-ifb-title-wrap\"><h3 class=\"uagb-ifb-title\">Alternative<\/h3><\/div><p class=\"uagb-ifb-desc\">Entdecken Sie alternative Anlagewerte, die es wert sind, erkundet und investiert zu werden.<\/p><\/div><\/div>\n<\/div>\n<\/div><\/div>\n\n\n\n<div class=\"wp-block-uagb-container uagb-block-c8336640 alignfull uagb-is-root-container\"><div class=\"uagb-container-inner-blocks-wrap\">\n<div class=\"wp-block-uagb-container uagb-block-2d78566d\">\n<div class=\"wp-block-uagb-info-box uagb-block-cdfa1db5 uagb-infobox__content-wrap  uagb-infobox-icon-above-title uagb-infobox-image-valign-top\"><div class=\"uagb-ifb-content\"><div class=\"uagb-ifb-image-content\"><img decoding=\"async\" src=\"https:\/\/investment-welt.com\/wp-content\/uploads\/2023\/08\/cryptoeddu_0019_Depositphotos_183482472_l-2015_V1a.jpg-150x150.jpg\" alt=\"\" width=\"120\" height=\"120\" loading=\"lazy\"\/><\/div><div class=\"uagb-ifb-title-wrap\"><h2 class=\"uagb-ifb-title\">Investieren<\/h2><\/div><p class=\"uagb-ifb-desc\">Durch das Erlernen der wichtigsten Anlageprinzipien erfahren Sie, wie Sie Ihr Kapital sinnvoll vervielfachen und Ihre Zukunft und die Ihrer Lieben sichern.<\/p><\/div><\/div>\n<\/div>\n<\/div><\/div>\n\n\n\n<div class=\"wp-block-uagb-container uagb-block-dd5cd22c alignfull uagb-is-root-container\"><div class=\"uagb-container-inner-blocks-wrap\">\n<div class=\"wp-block-uagb-container uagb-block-96e0226e\">\n<div class=\"wp-block-uagb-info-box uagb-block-8cabae03 uagb-infobox__content-wrap  uagb-infobox-icon-above-title uagb-infobox-image-valign-top\"><div class=\"uagb-ifb-content\"><div class=\"uagb-ifb-title-wrap\"><h2 class=\"uagb-ifb-title\">Wor\u00fcber <br>schreiben wir?<\/h2><\/div><p class=\"uagb-ifb-desc\">Unser Portal widmet sich Fragen rund um die Investition in verschiedene Verm\u00f6genswerte. Wir besprechen die wichtigsten Techniken, Prinzipien und Regeln des bewussten Investierens<\/p><\/div><\/div>\n<\/div>\n\n\n\n<div class=\"wp-block-uagb-container uagb-block-59691fc9\">\n<div class=\"wp-block-uagb-container uagb-block-efe28f90\">\n<div class=\"wp-block-uagb-advanced-heading uagb-block-7e6cad66\"><p class=\"uagb-heading-text\">Wir teilen unser Wissen auf dem Gebiet des Investierens, das wir in langj\u00e4hriger Arbeit erworben haben.<\/p><\/div>\n<\/div>\n\n\n\n<div class=\"wp-block-uagb-container uagb-block-a89a3fe6\">\n<div class=\"wp-block-uagb-advanced-heading uagb-block-f3413424\"><p class=\"uagb-heading-text\">Wir teilen unser Wissen auf dem Gebiet des Investierens, das wir in langj\u00e4hriger Arbeit erworben haben.<\/p><\/div>\n<\/div>\n\n\n\n<div class=\"wp-block-uagb-container uagb-block-af49d92e\">\n<div class=\"wp-block-uagb-advanced-heading uagb-block-b4679471\"><p class=\"uagb-heading-text\">Wir teilen unsere Leidenschaft und ausgew\u00e4hlte Anlageprodukte, die wir f\u00fcr wertvoll halten.<\/p><\/div>\n<\/div>\n<\/div>\n<\/div><\/div>\n\n\n\n<div class=\"wp-block-uagb-container uagb-block-26e9febe alignfull uagb-is-root-container\"><div class=\"uagb-container-inner-blocks-wrap\">\n<div class=\"wp-block-uagb-container uagb-block-e21c2cdf\">\n<div class=\"wp-block-uagb-image uagb-block-664c3fe8 wp-block-uagb-image--layout-default wp-block-uagb-image--effect-static wp-block-uagb-image--align-none\"><figure class=\"wp-block-uagb-image__figure\"><img decoding=\"async\" srcset=\"https:\/\/investment-welt.com\/wp-content\/uploads\/2023\/08\/pexels-alesia-kozik-6772076-683x1024.jpg \" sizes=\"auto, (max-width: 480px) 150px\" src=\"https:\/\/investment-welt.com\/wp-content\/uploads\/2023\/08\/pexels-alesia-kozik-6772076-683x1024.jpg\" alt=\"\" class=\"uag-image-989\" width=\"683\" height=\"1024\" title=\"\" loading=\"lazy\"\/><\/figure><\/div>\n<\/div>\n\n\n\n<div class=\"wp-block-uagb-container uagb-block-274481e7\">\n<div class=\"wp-block-uagb-container uagb-block-c71dea34\">\n<div class=\"wp-block-uagb-advanced-heading uagb-block-1c62511a\"><h2 class=\"uagb-heading-text\">Warum investieren?<\/h2><p class=\"uagb-desc-text\">Investieren ist eine M\u00f6glichkeit, Ihr Kapital sinnvoll zu vervielfachen, was uns in Zukunft finanzielle Unabh\u00e4ngigkeit verschaffen kann. Dies ist eine M\u00f6glichkeit, sich selbst und Ihren Geldbeutel weiterzuentwickeln. Es ist eine M\u00f6glichkeit, zus\u00e4tzliches Einkommen zu erzielen und eine nachhaltige Einnahmequelle zu schaffen.<\/p><\/div>\n\n\n\n<div class=\"wp-block-uagb-advanced-heading uagb-block-d0a27acb\"><p class=\"uagb-desc-text\">Um effektiv investieren zu k\u00f6nnen, sind jedoch Wissen und Erfahrung erforderlich. Kenntnis der Regeln und Grunds\u00e4tze des Investierens und Erfahrung in deren ordnungsgem\u00e4\u00dfer Anwendung. Nur so k\u00f6nnen wir effektiv und bewusst investieren.<\/p><\/div>\n<\/div>\n<\/div>\n<\/div><\/div>\n\n\n\n<div class=\"wp-block-uagb-container uagb-block-6d1167af alignfull uagb-is-root-container\"><div class=\"uagb-container-inner-blocks-wrap\">\n<div class=\"wp-block-uagb-container uagb-block-26ff9dd9\">\n<div class=\"wp-block-uagb-advanced-heading uagb-block-f08c7e1e\"><h2 class=\"uagb-heading-text\">Merkw\u00fcrdige Anlagezitate.<\/h2><\/div>\n<\/div>\n\n\n\n<div class=\"wp-block-uagb-container uagb-block-add2b037\">\n<div class=\"wp-block-uagb-container uagb-block-789eec1b\">\n<div class=\"wp-block-uagb-testimonial uagb-slick-carousel uagb-tm__arrow-outside uagb-block-b0dd5632 uagb-post__carousel_notset uagb-post__carousel_notset-tablet uagb-post__carousel_notset-mobile\"><div class=\"is-carousel uagb-tm__columns-1 uagb-tm__items\"><div class=\"uagb-testimonial__wrap  uagb-tm__imgicon-style-circle uagb-tm__image-position-bottom uagb-tm__bg-type-none \"><div class=\"uagb-tm__content\"><div class=\"uagb-tm__overlay\"><\/div><div class=\"uagb-tm__text-wrap\"><div class=\"uagb-tm__desc\"><em>Man sollte niemals Investitionen als Kosten betrachten.<\/em><\/div><div class=\"uagb-tm__meta-inner\"><div class=\"uagb-testimonial-details\"><span class=\"uagb-tm__author-name\">Exler Georg-Wilhelm<\/span><span class=\"uagb-tm__company\"><\/span><\/div><\/div><\/div><\/div><\/div><\/div><\/div>\n<\/div>\n\n\n\n<div class=\"wp-block-uagb-container uagb-block-e21f9e12\">\n<div class=\"wp-block-uagb-testimonial uagb-slick-carousel uagb-tm__arrow-outside uagb-block-c753f92f uagb-post__carousel_notset uagb-post__carousel_notset-tablet uagb-post__carousel_notset-mobile\"><div class=\"is-carousel uagb-tm__columns-1 uagb-tm__items\"><div class=\"uagb-testimonial__wrap  uagb-tm__imgicon-style-circle uagb-tm__image-position-bottom uagb-tm__bg-type-none \"><div class=\"uagb-tm__content\"><div class=\"uagb-tm__overlay\"><\/div><div class=\"uagb-tm__text-wrap\"><div class=\"uagb-tm__desc\"><em>Nur wer in die Gegenwart investiert, investiert in die Zukunft.<\/em><\/div><div class=\"uagb-tm__meta-inner\"><div class=\"uagb-testimonial-details\"><span class=\"uagb-tm__author-name\">Exler Georg-Wilhelm<\/span><span class=\"uagb-tm__company\"><\/span><\/div><\/div><\/div><\/div><\/div><\/div><\/div>\n<\/div>\n\n\n\n<div class=\"wp-block-uagb-container uagb-block-81eb3444\">\n<div class=\"wp-block-uagb-testimonial uagb-slick-carousel uagb-tm__arrow-outside uagb-block-9a5a3525 uagb-post__carousel_notset uagb-post__carousel_notset-tablet uagb-post__carousel_notset-mobile\"><div class=\"is-carousel uagb-tm__columns-1 uagb-tm__items\"><div class=\"uagb-testimonial__wrap  uagb-tm__imgicon-style-circle uagb-tm__image-position-bottom uagb-tm__bg-type-none \"><div class=\"uagb-tm__content\"><div class=\"uagb-tm__overlay\"><\/div><div class=\"uagb-tm__text-wrap\"><div class=\"uagb-tm__desc\"><em>Jede Investition ist ein Vertrauensvorschuss.<\/em><\/div><div class=\"uagb-tm__meta-inner\"><div class=\"uagb-testimonial-details\"><span class=\"uagb-tm__author-name\">Exler Georg-Wilhelm<\/span><span class=\"uagb-tm__company\"><\/span><\/div><\/div><\/div><\/div><\/div><\/div><\/div>\n<\/div>\n<\/div>\n<\/div><\/div>\n","protected":false},"excerpt":{"rendered":"<p>Treten Sie ein in die Welt des Investierens Lernen Sie zu investieren und k\u00fcmmern Sie sich um Ihre finanzielle Unabh\u00e4ngigkeit. Verschwenden Sie keine Zeit und beginnen Sie noch heute! Wir teilen unser Wissen auf dem Gebiet des Investierens, das wir in langj\u00e4hriger Arbeit erworben haben. Wir teilen unser Wissen auf dem Gebiet des Investierens, das [&hellip;]<\/p>\n","protected":false},"author":1,"featured_media":0,"parent":0,"menu_order":0,"comment_status":"closed","ping_status":"closed","template":"","meta":{"_uag_custom_page_level_css":"","site-sidebar-layout":"no-sidebar","site-content-layout":"plain-container","ast-site-content-layout":"normal-width-container","site-content-style":"unboxed","site-sidebar-style":"unboxed","ast-global-header-display":"","ast-banner-title-visibility":"","ast-main-header-display":"","ast-hfb-above-header-display":"","ast-hfb-below-header-display":"","ast-hfb-mobile-header-display":"","site-post-title":"disabled","ast-breadcrumbs-content":"","ast-featured-img":"disabled","footer-sml-layout":"","ast-disable-related-posts":"","theme-transparent-header-meta":"disabled","adv-header-id-meta":"","stick-header-meta":"","header-above-stick-meta":"","header-main-stick-meta":"","header-below-stick-meta":"","astra-migrate-meta-layouts":"set","ast-page-background-enabled":"default","ast-page-background-meta":{"desktop":{"background-color":"","background-image":"","background-repeat":"repeat","background-position":"center center","background-size":"auto","background-attachment":"scroll","background-type":"","background-media":"","overlay-type":"","overlay-color":"","overlay-opacity":"","overlay-gradient":""},"tablet":{"background-color":"","background-image":"","background-repeat":"repeat","background-position":"center center","background-size":"auto","background-attachment":"scroll","background-type":"","background-media":"","overlay-type":"","overlay-color":"","overlay-opacity":"","overlay-gradient":""},"mobile":{"background-color":"","background-image":"","background-repeat":"repeat","background-position":"center center","background-size":"auto","background-attachment":"scroll","background-type":"","background-media":"","overlay-type":"","overlay-color":"","overlay-opacity":"","overlay-gradient":""}},"ast-content-background-meta":{"desktop":{"background-color":"var(--ast-global-color-5)","background-image":"","background-repeat":"repeat","background-position":"center center","background-size":"auto","background-attachment":"scroll","background-type":"","background-media":"","overlay-type":"","overlay-color":"","overlay-opacity":"","overlay-gradient":""},"tablet":{"background-color":"var(--ast-global-color-5)","background-image":"","background-repeat":"repeat","background-position":"center center","background-size":"auto","background-attachment":"scroll","background-type":"","background-media":"","overlay-type":"","overlay-color":"","overlay-opacity":"","overlay-gradient":""},"mobile":{"background-color":"var(--ast-global-color-5)","background-image":"","background-repeat":"repeat","background-position":"center center","background-size":"auto","background-attachment":"scroll","background-type":"","background-media":"","overlay-type":"","overlay-color":"","overlay-opacity":"","overlay-gradient":""}},"footnotes":""},"class_list":["post-51","page","type-page","status-publish","hentry"],"yoast_head":"<!-- This site is optimized with the Yoast SEO plugin v27.4 - https:\/\/yoast.com\/product\/yoast-seo-wordpress\/ -->\n<title>investment welt | Investitionspakete | Kryptominer<\/title>\n<meta name=\"description\" content=\"investment welt ist ein Investitionsportal f\u00fcr Menschen, die lernen m\u00f6chten, wie man investiert und sich um seine Finanzen k\u00fcmmert.\" \/>\n<meta name=\"robots\" content=\"index, follow, max-snippet:-1, max-image-preview:large, max-video-preview:-1\" \/>\n<link rel=\"canonical\" href=\"https:\/\/investment-welt.com\/\" \/>\n<meta property=\"og:locale\" content=\"en_US\" \/>\n<meta property=\"og:type\" content=\"article\" \/>\n<meta property=\"og:title\" content=\"investment welt | Investitionspakete | Kryptominer\" \/>\n<meta property=\"og:description\" content=\"investment welt ist ein Investitionsportal f\u00fcr Menschen, die lernen m\u00f6chten, wie man investiert und sich um seine Finanzen k\u00fcmmert.\" \/>\n<meta property=\"og:url\" content=\"https:\/\/investment-welt.com\/\" \/>\n<meta property=\"og:site_name\" content=\"Just another WP site\" \/>\n<meta property=\"article:modified_time\" content=\"2023-09-26T09:32:20+00:00\" \/>\n<meta property=\"og:image\" content=\"https:\/\/investment-welt.com\/wp-content\/uploads\/2023\/08\/Depositphotos_35114295_l-2015_A-150x150.jpg\" \/>\n<meta name=\"twitter:card\" content=\"summary_large_image\" \/>\n<meta name=\"twitter:label1\" content=\"Est. reading time\" \/>\n\t<meta name=\"twitter:data1\" content=\"4 minutes\" \/>\n<script type=\"application\/ld+json\" class=\"yoast-schema-graph\">{\"@context\":\"https:\\\/\\\/schema.org\",\"@graph\":[{\"@type\":\"WebPage\",\"@id\":\"https:\\\/\\\/investment-welt.com\\\/\",\"url\":\"https:\\\/\\\/investment-welt.com\\\/\",\"name\":\"investment welt | Investitionspakete | Kryptominer\",\"isPartOf\":{\"@id\":\"https:\\\/\\\/investment-welt.com\\\/#website\"},\"primaryImageOfPage\":{\"@id\":\"https:\\\/\\\/investment-welt.com\\\/#primaryimage\"},\"image\":{\"@id\":\"https:\\\/\\\/investment-welt.com\\\/#primaryimage\"},\"thumbnailUrl\":\"https:\\\/\\\/investment-welt.com\\\/wp-content\\\/uploads\\\/2023\\\/08\\\/Depositphotos_35114295_l-2015_A-150x150.jpg\",\"datePublished\":\"2020-09-01T10:44:00+00:00\",\"dateModified\":\"2023-09-26T09:32:20+00:00\",\"description\":\"investment welt ist ein Investitionsportal f\u00fcr Menschen, die lernen m\u00f6chten, wie man investiert und sich um seine Finanzen k\u00fcmmert.\",\"breadcrumb\":{\"@id\":\"https:\\\/\\\/investment-welt.com\\\/#breadcrumb\"},\"inLanguage\":\"en-US\",\"potentialAction\":[{\"@type\":\"ReadAction\",\"target\":[\"https:\\\/\\\/investment-welt.com\\\/\"]}]},{\"@type\":\"ImageObject\",\"inLanguage\":\"en-US\",\"@id\":\"https:\\\/\\\/investment-welt.com\\\/#primaryimage\",\"url\":\"https:\\\/\\\/investment-welt.com\\\/wp-content\\\/uploads\\\/2023\\\/08\\\/Depositphotos_35114295_l-2015_A.jpg\",\"contentUrl\":\"https:\\\/\\\/investment-welt.com\\\/wp-content\\\/uploads\\\/2023\\\/08\\\/Depositphotos_35114295_l-2015_A.jpg\",\"width\":2000,\"height\":1486},{\"@type\":\"BreadcrumbList\",\"@id\":\"https:\\\/\\\/investment-welt.com\\\/#breadcrumb\",\"itemListElement\":[{\"@type\":\"ListItem\",\"position\":1,\"name\":\"Home\",\"item\":\"https:\\\/\\\/investment-welt.com\\\/\"},{\"@type\":\"ListItem\",\"position\":2,\"name\":\"Heim\"}]},{\"@type\":\"WebSite\",\"@id\":\"https:\\\/\\\/investment-welt.com\\\/#website\",\"url\":\"https:\\\/\\\/investment-welt.com\\\/\",\"name\":\"Just another WP site\",\"description\":\"\",\"potentialAction\":[{\"@type\":\"SearchAction\",\"target\":{\"@type\":\"EntryPoint\",\"urlTemplate\":\"https:\\\/\\\/investment-welt.com\\\/?s={search_term_string}\"},\"query-input\":{\"@type\":\"PropertyValueSpecification\",\"valueRequired\":true,\"valueName\":\"search_term_string\"}}],\"inLanguage\":\"en-US\"}]}<\/script>\n<!-- \/ Yoast SEO plugin. -->","yoast_head_json":{"title":"investment welt | Investitionspakete | Kryptominer","description":"investment welt ist ein Investitionsportal f\u00fcr Menschen, die lernen m\u00f6chten, wie man investiert und sich um seine Finanzen k\u00fcmmert.","robots":{"index":"index","follow":"follow","max-snippet":"max-snippet:-1","max-image-preview":"max-image-preview:large","max-video-preview":"max-video-preview:-1"},"canonical":"https:\/\/investment-welt.com\/","og_locale":"en_US","og_type":"article","og_title":"investment welt | Investitionspakete | Kryptominer","og_description":"investment welt ist ein Investitionsportal f\u00fcr Menschen, die lernen m\u00f6chten, wie man investiert und sich um seine Finanzen k\u00fcmmert.","og_url":"https:\/\/investment-welt.com\/","og_site_name":"Just another WP site","article_modified_time":"2023-09-26T09:32:20+00:00","og_image":[{"url":"https:\/\/investment-welt.com\/wp-content\/uploads\/2023\/08\/Depositphotos_35114295_l-2015_A-150x150.jpg","type":"","width":"","height":""}],"twitter_card":"summary_large_image","twitter_misc":{"Est. reading time":"4 minutes"},"schema":{"@context":"https:\/\/schema.org","@graph":[{"@type":"WebPage","@id":"https:\/\/investment-welt.com\/","url":"https:\/\/investment-welt.com\/","name":"investment welt | Investitionspakete | Kryptominer","isPartOf":{"@id":"https:\/\/investment-welt.com\/#website"},"primaryImageOfPage":{"@id":"https:\/\/investment-welt.com\/#primaryimage"},"image":{"@id":"https:\/\/investment-welt.com\/#primaryimage"},"thumbnailUrl":"https:\/\/investment-welt.com\/wp-content\/uploads\/2023\/08\/Depositphotos_35114295_l-2015_A-150x150.jpg","datePublished":"2020-09-01T10:44:00+00:00","dateModified":"2023-09-26T09:32:20+00:00","description":"investment welt ist ein Investitionsportal f\u00fcr Menschen, die lernen m\u00f6chten, wie man investiert und sich um seine Finanzen k\u00fcmmert.","breadcrumb":{"@id":"https:\/\/investment-welt.com\/#breadcrumb"},"inLanguage":"en-US","potentialAction":[{"@type":"ReadAction","target":["https:\/\/investment-welt.com\/"]}]},{"@type":"ImageObject","inLanguage":"en-US","@id":"https:\/\/investment-welt.com\/#primaryimage","url":"https:\/\/investment-welt.com\/wp-content\/uploads\/2023\/08\/Depositphotos_35114295_l-2015_A.jpg","contentUrl":"https:\/\/investment-welt.com\/wp-content\/uploads\/2023\/08\/Depositphotos_35114295_l-2015_A.jpg","width":2000,"height":1486},{"@type":"BreadcrumbList","@id":"https:\/\/investment-welt.com\/#breadcrumb","itemListElement":[{"@type":"ListItem","position":1,"name":"Home","item":"https:\/\/investment-welt.com\/"},{"@type":"ListItem","position":2,"name":"Heim"}]},{"@type":"WebSite","@id":"https:\/\/investment-welt.com\/#website","url":"https:\/\/investment-welt.com\/","name":"Just another WP site","description":"","potentialAction":[{"@type":"SearchAction","target":{"@type":"EntryPoint","urlTemplate":"https:\/\/investment-welt.com\/?s={search_term_string}"},"query-input":{"@type":"PropertyValueSpecification","valueRequired":true,"valueName":"search_term_string"}}],"inLanguage":"en-US"}]}},"uagb_featured_image_src":{"full":false,"thumbnail":false,"medium":false,"medium_large":false,"large":false,"1536x1536":false,"2048x2048":false},"uagb_author_info":{"display_name":"admin","author_link":"https:\/\/investment-welt.com\/?author=1"},"uagb_comment_info":0,"uagb_excerpt":"Treten Sie ein in die Welt des Investierens Lernen Sie zu investieren und k\u00fcmmern Sie sich um Ihre finanzielle Unabh\u00e4ngigkeit. Verschwenden Sie keine Zeit und beginnen Sie noch heute! Wir teilen unser Wissen auf dem Gebiet des Investierens, das wir in langj\u00e4hriger Arbeit erworben haben. Wir teilen unser Wissen auf dem Gebiet des Investierens, das&hellip;","_links":{"self":[{"href":"https:\/\/investment-welt.com\/index.php?rest_route=\/wp\/v2\/pages\/51","targetHints":{"allow":["GET"]}}],"collection":[{"href":"https:\/\/investment-welt.com\/index.php?rest_route=\/wp\/v2\/pages"}],"about":[{"href":"https:\/\/investment-welt.com\/index.php?rest_route=\/wp\/v2\/types\/page"}],"author":[{"embeddable":true,"href":"https:\/\/investment-welt.com\/index.php?rest_route=\/wp\/v2\/users\/1"}],"replies":[{"embeddable":true,"href":"https:\/\/investment-welt.com\/index.php?rest_route=%2Fwp%2Fv2%2Fcomments&post=51"}],"version-history":[{"count":12,"href":"https:\/\/investment-welt.com\/index.php?rest_route=\/wp\/v2\/pages\/51\/revisions"}],"predecessor-version":[{"id":1087,"href":"https:\/\/investment-welt.com\/index.php?rest_route=\/wp\/v2\/pages\/51\/revisions\/1087"}],"wp:attachment":[{"href":"https:\/\/investment-welt.com\/index.php?rest_route=%2Fwp%2Fv2%2Fmedia&parent=51"}],"curies":[{"name":"wp","href":"https:\/\/api.w.org\/{rel}","templated":true}]}}